{"id":30303,"date":"2021-10-06T16:18:52","date_gmt":"2021-10-06T14:18:52","guid":{"rendered":"https:\/\/tjca.swiss\/references\/"},"modified":"2021-10-06T16:18:53","modified_gmt":"2021-10-06T14:18:53","slug":"references","status":"publish","type":"page","link":"https:\/\/tjca.swiss\/en\/references\/","title":{"rendered":"References"},"content":{"rendered":"[vc_row thb_divider_position=&#8221;bottom&#8221; el_class=&#8221;align-center&#8221; css=&#8221;.vc_custom_1624439583604{margin-top: 100px !important;padding-top: 10vh !important;}&#8221;][vc_column offset=&#8221;vc_col-lg-10 vc_col-md-12&#8243;][vc_row_inner][vc_column_inner][vc_column_text css=&#8221;.vc_custom_1628690076728{border-bottom-width: 2px !important;padding-bottom: 30px !important;border-bottom-color: #f4f4f4 !important;border-bottom-style: solid !important;}&#8221;]\n<h1>Our references<\/h1>\n[\/vc_column_text][\/vc_column_inner][\/vc_row_inner][\/vc_column][\/vc_row][vc_row thb_divider_position=&#8221;bottom&#8221; el_class=&#8221;align-center&#8221;][vc_column offset=&#8221;vc_col-lg-10 vc_col-md-12 vc_hidden-md vc_hidden-sm vc_hidden-xs&#8221;][vc_row_inner][vc_column_inner width=&#8221;1\/2&#8243;][vc_column_text css=&#8221;.vc_custom_1628689919348{border-bottom-width: 2px !important;padding-bottom: 20px !important;border-bottom-color: #f4f4f4 !important;}&#8221;]Al Futtaim Investments<br \/>\n<strong><a href=\"https:\/\/tjca.swiss\/en\/portfolio\/amarrage\/\">Amarr@ge<\/a><\/strong><br \/>\nBalfour Beatty<br \/>\n<strong><a href=\"https:\/\/tjca.swiss\/en\/portfolio\/banque-benedict-hentsch\/\">Bank B\u00e9n\u00e9dict Hentsch &amp; Cie<\/a><\/strong><br \/>\nBank Edouard Constant<br \/>\n<strong><a href=\"https:\/\/tjca.swiss\/en\/portfolio\/beaulieu-age-management\/\">Beaulieu Age Management Center<\/a><\/strong><br \/>\nBeckman Industries<br \/>\nBiogen<br \/>\nBor\u00e9al Coffee Shop Mont-Blanc<br \/>\nBor\u00e9al Coffee Shop Plainpalais<br \/>\n<strong><a href=\"https:\/\/tjca.swiss\/en\/portfolio\/bmp-audemars-piguet\/\">Boutique Montres Prestiges &#8211; Audemars Piguet<\/a><\/strong><br \/>\nBoutique Montres Prestiges &#8211; Richard Mille<br \/>\nBTG Pactual<br \/>\nPractice of Dre Jungo Nan\u00e7oz<br \/>\nPractice of Dr de Gorski<br \/>\n<strong><a href=\"https:\/\/tjca.swiss\/en\/portfolio\/cabinet-dr-peter\/\">Practice of Dr Peter<\/a><\/strong><br \/>\nPractice of Dr Samaras Dimitrios<br \/>\nPractice of Dr Samaras Nikolaos<br \/>\nPractice of Dr Soravia<br \/>\nPractice of Dr Tuchschmid<br \/>\nPractice of Dr Vollenweider<br \/>\nCaterpillar<br \/>\n<strong><a href=\"https:\/\/tjca.swiss\/en\/portfolio\/cgb\/\">Clinique G\u00e9n\u00e9rale Beaulieu<\/a><\/strong><br \/>\nCommercial Union<br \/>\nCompaq<br \/>\nCristobal Colon Development<br \/>\n<strong><a href=\"https:\/\/tjca.swiss\/en\/portfolio\/decathlon\/\">Decathlon<\/a><\/strong><br \/>\nDenner<br \/>\nDigital Equipment Corporation<br \/>\nDon Carlos Hotel<br \/>\n<strong><a href=\"https:\/\/tjca.swiss\/en\/portfolio\/dosenbach\/\">Dosenbach<\/a><\/strong><br \/>\nEbcon<br \/>\n<strong><a href=\"https:\/\/tjca.swiss\/en\/portfolio\/ernst-young\/\">Ernst &amp; Young<\/a><\/strong><br \/>\nEssent Trading International<br \/>\nExxon Office Systems<br \/>\n<strong><a href=\"https:\/\/tjca.swiss\/en\/portfolio\/faberge\/\">Faberg\u00e9<\/a><\/strong><br \/>\nFiat<br \/>\n<strong><a href=\"https:\/\/tjca.swiss\/en\/portfolio\/foot-locker\/\">Foot Locker<\/a><\/strong><br \/>\nGarda<br \/>\n<strong><a href=\"https:\/\/tjca.swiss\/en\/portfolio\/general-mills\/\">General Mills<\/a><\/strong><br \/>\nGoldman Sachs<br \/>\n<strong><a href=\"https:\/\/tjca.swiss\/en\/portfolio\/grand-hotel-kempinski\/\">Grand Hotel Kempinski<\/a><\/strong>[\/vc_column_text][\/vc_column_inner][vc_column_inner width=&#8221;1\/2&#8243;][vc_column_text css=&#8221;.vc_custom_1628689928810{border-bottom-width: 2px !important;padding-bottom: 20px !important;border-bottom-color: #f4f4f4 !important;}&#8221;]<strong><a href=\"https:\/\/tjca.swiss\/en\/portfolio\/hewlett-packard-enterprise\/\" target=\"_blank\" rel=\"noopener\">Hewlett Packard Enterprise<\/a><\/strong><br \/>\nHIAG<br \/>\n<strong><a href=\"https:\/\/tjca.swiss\/en\/portfolio\/honeywell\/\">Honeywell<\/a><\/strong><br \/>\n<strong><a href=\"https:\/\/tjca.swiss\/en\/portfolio\/hotel-beau-rivage\/?lang=en\">H\u00f4tel Beau-Rivage Gen\u00e8ve<\/a><\/strong><br \/>\n<strong><a href=\"https:\/\/tjca.swiss\/en\/portfolio\/hotel-bristol\/\">H\u00f4tel Bristol<\/a><\/strong><br \/>\n<strong><a href=\"https:\/\/tjca.swiss\/four-seasons-hotel-des-bergues\/?lang=en\">H\u00f4tel des Bergues &#8211; Four Seasons Hotels<\/a><\/strong><br \/>\nH\u00f4tel Meurice<br \/>\nJP Morgan<br \/>\n<strong><a href=\"https:\/\/tjca.swiss\/en\/portfolio\/laduree\/\">Ladur\u00e9e<\/a><\/strong><br \/>\nManpower<br \/>\nMCI Worldcom<br \/>\n<strong><a href=\"https:\/\/tjca.swiss\/en\/portfolio\/medtronic\/\">Medtronic<\/a><\/strong><br \/>\nMEPC<br \/>\nMorgan Grenfell<br \/>\n<strong><a href=\"https:\/\/tjca.swiss\/portfolio\/nonstop-gym\/?lang=en\">NonStop Gym<\/a><\/strong><br \/>\nOchsner Shoes<br \/>\n<strong><a href=\"https:\/\/tjca.swiss\/en\/portfolio\/orange\/\">Orange Communications<\/a><\/strong><br \/>\n<strong><a href=\"https:\/\/tjca.swiss\/en\/portfolio\/pwc\/\">PricewaterhouseCoopers<\/a><\/strong><br \/>\nPrivat Bank Schweiz<br \/>\nPueblo Samisol<br \/>\nReamhurst Properties<br \/>\nRenault<br \/>\nRohm &amp; Haas<br \/>\nRoyal Garden Hotel<br \/>\nRue du Rh\u00f4ne 63<br \/>\n<strong><a href=\"https:\/\/tjca.swiss\/en\/portfolio\/sahara\/?lang=en\">Sahara<\/a><\/strong><br \/>\nSea Containers<br \/>\n<strong><a href=\"https:\/\/tjca.swiss\/en\/portfolio\/sept-finance\/?lang=en\">Sept Finance<\/a><\/strong><br \/>\n<strong><a href=\"https:\/\/tjca.swiss\/en\/portfolio\/snipes\/\">Snipes<\/a><\/strong><br \/>\nSoci\u00e9t\u00e9 Bancaire Priv\u00e9e<br \/>\n<strong><a href=\"https:\/\/tjca.swiss\/en\/portfolio\/sgs\/\">Soci\u00e9t\u00e9 G\u00e9n\u00e9rale de Surveillance<\/a><\/strong><br \/>\n<strong><a href=\"https:\/\/tjca.swiss\/en\/portfolio\/sgpb-bureaux\/\">Soci\u00e9t\u00e9 G\u00e9n\u00e9rale Private Banking<\/a><\/strong><br \/>\nSodipriv\u00e9s<br \/>\nSultanate of Oman<br \/>\n<strong><a href=\"https:\/\/tjca.swiss\/en\/portfolio\/thomson-reuters\/\">Thomson Reuters<\/a><\/strong><br \/>\n<strong><a href=\"https:\/\/tjca.swiss\/en\/portfolio\/trafigura\/\">Amenagement<\/a><\/strong><br \/>\nUBS<br \/>\nUrbanizadora Calvia<br \/>\nViatel<br \/>\nVolvo<br \/>\nXanadu Investments<br \/>\nYara[\/vc_column_text][\/vc_column_inner][\/vc_row_inner][vc_separator border_width=&#8221;2&#8243;][\/vc_column][\/vc_row][vc_row thb_divider_position=&#8221;bottom&#8221; el_class=&#8221;align-center&#8221;][vc_column offset=&#8221;vc_col-lg-10 vc_hidden-lg vc_col-md-12&#8243;][vc_row_inner][vc_column_inner width=&#8221;1\/2&#8243;][vc_column_text css=&#8221;.vc_custom_1628689978229{border-bottom-width: 2px !important;padding-bottom: 30px !important;border-bottom-color: #f4f4f4 !important;border-bottom-style: solid !important;}&#8221;]Al Futtaim Investments<br \/>\n<strong><a href=\"https:\/\/tjca.swiss\/en\/portfolio\/amarrage\/\">Amarr@ge<\/a><\/strong><br \/>\nBalfour Beatty<br \/>\n<strong><a href=\"https:\/\/tjca.swiss\/en\/portfolio\/banque-benedict-hentsch\/\">Bank B\u00e9n\u00e9dict Hentsch &amp; Cie<\/a><\/strong><br \/>\nBank Edouard Constant<br \/>\n<strong><a href=\"https:\/\/tjca.swiss\/en\/portfolio\/beaulieu-age-management\/\">Beaulieu Age Management Center<\/a><\/strong><br \/>\nBeckman Industries<br \/>\nBiogen<br \/>\nBor\u00e9al Coffee Shop Mont-Blanc<br \/>\nBor\u00e9al Coffee Shop Plainpalais<br \/>\n<strong><a href=\"https:\/\/tjca.swiss\/en\/portfolio\/bmp-audemars-piguet\/\">Boutique Montres Prestiges &#8211; Audemars Piguet<\/a><\/strong><br \/>\nBoutique Montres Prestiges &#8211; Richard Mille<br \/>\nBTG Pactual<br \/>\nPractice of Dre Jungo Nan\u00e7oz<br \/>\nPractice of Dr de Gorski<br \/>\n<strong><a href=\"https:\/\/tjca.swiss\/en\/portfolio\/cabinet-dr-peter\/\">Practice of Dr Peter<\/a><\/strong><br \/>\nPractice of Dr Samaras Dimitrios<br \/>\nPractice of Dr Samaras Nikolaos<br \/>\nPractice of Dr Soravia<br \/>\nPractice of Dr Tuchschmid<br \/>\nPractice of Dr Vollenweider<br \/>\nCaterpillar<br \/>\n<strong><a href=\"https:\/\/tjca.swiss\/en\/portfolio\/cgb\/\">Clinique G\u00e9n\u00e9rale Beaulieu<\/a><\/strong><br \/>\nCommercial Union<br \/>\nCompaq<br \/>\nCristobal Colon Development<br \/>\n<strong><a href=\"https:\/\/tjca.swiss\/en\/portfolio\/decathlon\/\">Decathlon<\/a><\/strong><br \/>\nDenner<br \/>\nDigital Equipment Corporation<br \/>\nDon Carlos Hotel<br \/>\n<strong><a href=\"https:\/\/tjca.swiss\/en\/portfolio\/dosenbach\/\">Dosenbach<\/a><\/strong><br \/>\nEbcon<br \/>\n<strong><a href=\"https:\/\/tjca.swiss\/en\/portfolio\/ernst-young\/\">Ernst &amp; Young<\/a><\/strong><br \/>\nEssent Trading International<br \/>\nExxon Office Systems<br \/>\n<strong><a href=\"https:\/\/tjca.swiss\/en\/portfolio\/faberge\/\">Faberg\u00e9<\/a><\/strong><br \/>\nFiat<br \/>\n<strong><a href=\"https:\/\/tjca.swiss\/en\/portfolio\/foot-locker\/\">Foot Locker<\/a><\/strong><br \/>\nGarda<br \/>\n<strong><a href=\"https:\/\/tjca.swiss\/en\/portfolio\/general-mills\/\">General Mills<\/a><\/strong><br \/>\nGoldman Sachs<br \/>\n<strong><a href=\"https:\/\/tjca.swiss\/en\/portfolio\/grand-hotel-kempinski\/\">Grand Hotel Kempinski<\/a><br \/>\n<\/strong><strong><a href=\"https:\/\/tjca.swiss\/en\/portfolio\/hewlett-packard-enterprise\/\" target=\"_blank\" rel=\"noopener\">Hewlett Packard Enterprise<\/a><\/strong><br \/>\nHIAG<br \/>\n<strong><a href=\"https:\/\/tjca.swiss\/en\/portfolio\/honeywell\/\">Honeywell<\/a><\/strong><br \/>\n<strong><a href=\"https:\/\/tjca.swiss\/en\/portfolio\/hotel-beau-rivage\/?lang=en\">H\u00f4tel Beau-Rivage Geneva<\/a><\/strong><br \/>\n<strong><a href=\"https:\/\/tjca.swiss\/en\/portfolio\/hotel-bristol\/\">H\u00f4tel Bristol<\/a><\/strong><br \/>\n<strong><a href=\"https:\/\/tjca.swiss\/four-seasons-hotel-des-bergues\/?lang=en\">H\u00f4tel des Bergues &#8211; Four Seasons Hotels<\/a><\/strong><br \/>\nH\u00f4tel Meurice JP Morgan<\/p>\n<p><strong><a href=\"https:\/\/tjca.swiss\/en\/portfolio\/laduree\/\">Volvo<\/a><\/strong><br \/>\nManpower MCI Worldcom<\/p>\n<p><strong><a href=\"https:\/\/tjca.swiss\/en\/portfolio\/medtronic\/\">Medtronic<\/a><\/strong><br \/>\nMEPC Morgan Grenfell<\/p>\n<p><strong><a href=\"https:\/\/tjca.swiss\/portfolio\/nonstop-gym\/?lang=en\">NonStop Gym<\/a><\/strong><br \/>\nOchsner Shoes<br \/>\n<strong><a href=\"https:\/\/tjca.swiss\/en\/portfolio\/orange\/\">Orange Communications<\/a><\/strong><br \/>\n<strong><a href=\"https:\/\/tjca.swiss\/en\/portfolio\/pwc\/\">PricewaterhouseCoopers<\/a><\/strong><br \/>\nPrivat Bank Schweiz<br \/>\nPueblo Samisol<br \/>\nReamhurst Properties<br \/>\nRenault<br \/>\nRohm &amp; Haas<br \/>\nRoyal Garden Hotel<br \/>\nRue du Rh\u00f4ne 63<br \/>\n<strong><a href=\"https:\/\/tjca.swiss\/en\/portfolio\/sahara\/?lang=en\">Sahara<\/a><\/strong><br \/>\nSea Containers<br \/>\n<strong><a href=\"https:\/\/tjca.swiss\/en\/portfolio\/sept-finance\/?lang=en\">Sept Finance<\/a><\/strong><br \/>\n<strong><a href=\"https:\/\/tjca.swiss\/en\/portfolio\/snipes\/\">Snipes<\/a><\/strong><br \/>\nSoci\u00e9t\u00e9 Bancaire Priv\u00e9e<br \/>\n<strong><a href=\"https:\/\/tjca.swiss\/en\/portfolio\/sgs\/\">Soci\u00e9t\u00e9 G\u00e9n\u00e9rale de Surveillance<\/a><\/strong><br \/>\n<strong><a href=\"https:\/\/tjca.swiss\/en\/portfolio\/sgpb-bureaux\/\">Soci\u00e9t\u00e9 G\u00e9n\u00e9rale Private Banking<\/a><\/strong><br \/>\nSodipriv\u00e9s<br \/>\nSultanate of Oman<br \/>\n<strong><a href=\"https:\/\/tjca.swiss\/en\/portfolio\/thomson-reuters\/\">Thomson Reuters<\/a><\/strong><br \/>\n<strong><a href=\"https:\/\/tjca.swiss\/en\/portfolio\/trafigura\/\">Amenagement<\/a><\/strong><br \/>\nUBS<br \/>\nUrbanizadora Calvia<br \/>\nViatel<br \/>\nVolvo<br \/>\nXanadu Investments<br \/>\nYara[\/vc_column_text][\/vc_column_inner][vc_column_inner width=&#8221;1\/2&#8243;][\/vc_column_inner][\/vc_row_inner][\/vc_column][\/vc_row]\n","protected":false},"excerpt":{"rendered":"<p>[vc_row thb_divider_position=&#8221;bottom&#8221; el_class=&#8221;align-center&#8221; css=&#8221;.vc_custom_1624439583604{margin-top: 100px !important;padding-top: 10vh !important;}&#8221;][vc_column offset=&#8221;vc_col-lg-10 vc_col-md-12&#8243;][vc_row_inner][vc_column_inner][vc_column_text css=&#8221;.vc_custom_1628690076728{border-bottom-width: 2px !important;padding-bottom: 30px !important;border-bottom-color: #f4f4f4 !important;border-bottom-style: solid !important;}&#8221;] Our references [\/vc_column_text][\/vc_column_inner][\/vc_row_inner][\/vc_column][\/vc_row][vc_row thb_divider_position=&#8221;bottom&#8221; el_class=&#8221;align-center&#8221;][vc_column offset=&#8221;vc_col-lg-10 vc_col-md-12 vc_hidden-md vc_hidden-sm vc_hidden-xs&#8221;][vc_row_inner][vc_column_inner width=&#8221;1\/2&#8243;][vc_column_text css=&#8221;.vc_custom_1628689919348{border-bottom-width: 2px !important;padding-bottom: 20px !important;border-bottom-color: #f4f4f4 !important;}&#8221;]Al Futtaim Investments Amarr@ge Balfour Beatty Bank B\u00e9n\u00e9dict Hentsch &amp; Cie Bank Edouard Constant Beaulieu Age Management Center Beckman&hellip;<\/p>\n","protected":false},"author":1,"featured_media":0,"parent":0,"menu_order":0,"comment_status":"closed","ping_status":"closed","template":"","meta":{"footnotes":""},"class_list":["post-30303","page","type-page","status-publish","hentry"],"_links":{"self":[{"href":"https:\/\/tjca.swiss\/en\/wp-json\/wp\/v2\/pages\/30303","targetHints":{"allow":["GET"]}}],"collection":[{"href":"https:\/\/tjca.swiss\/en\/wp-json\/wp\/v2\/pages"}],"about":[{"href":"https:\/\/tjca.swiss\/en\/wp-json\/wp\/v2\/types\/page"}],"author":[{"embeddable":true,"href":"https:\/\/tjca.swiss\/en\/wp-json\/wp\/v2\/users\/1"}],"replies":[{"embeddable":true,"href":"https:\/\/tjca.swiss\/en\/wp-json\/wp\/v2\/comments?post=30303"}],"version-history":[{"count":2,"href":"https:\/\/tjca.swiss\/en\/wp-json\/wp\/v2\/pages\/30303\/revisions"}],"predecessor-version":[{"id":30305,"href":"https:\/\/tjca.swiss\/en\/wp-json\/wp\/v2\/pages\/30303\/revisions\/30305"}],"wp:attachment":[{"href":"https:\/\/tjca.swiss\/en\/wp-json\/wp\/v2\/media?parent=30303"}],"curies":[{"name":"wp","href":"https:\/\/api.w.org\/{rel}","templated":true}]}}