{"id":30306,"date":"2021-10-06T16:35:41","date_gmt":"2021-10-06T14:35:41","guid":{"rendered":"https:\/\/tjca.swiss\/referenzen\/"},"modified":"2021-10-06T16:35:42","modified_gmt":"2021-10-06T14:35:42","slug":"referenzen","status":"publish","type":"page","link":"https:\/\/tjca.swiss\/de\/referenzen\/","title":{"rendered":"Referenzen"},"content":{"rendered":"[vc_row thb_divider_position=&#8220;bottom&#8220; el_class=&#8220;align-center&#8220; css=&#8220;.vc_custom_1624439583604{margin-top: 100px !important;padding-top: 10vh !important;}&#8220;][vc_column offset=&#8220;vc_col-lg-10 vc_col-md-12&#8243;][vc_row_inner][vc_column_inner][vc_column_text css=&#8220;.vc_custom_1628690076728{border-bottom-width: 2px !important;padding-bottom: 30px !important;border-bottom-color: #f4f4f4 !important;border-bottom-style: solid !important;}&#8220;]\n<h1>unsere Referenzen<\/h1>\n[\/vc_column_text][\/vc_column_inner][\/vc_row_inner][\/vc_column][\/vc_row][vc_row thb_divider_position=&#8220;bottom&#8220; el_class=&#8220;align-center&#8220;][vc_column offset=&#8220;vc_col-lg-10 vc_col-md-12 vc_hidden-md vc_hidden-sm vc_hidden-xs&#8220;][vc_row_inner][vc_column_inner width=&#8220;1\/2&#8243;][vc_column_text css=&#8220;.vc_custom_1628689919348{border-bottom-width: 2px !important;padding-bottom: 20px !important;border-bottom-color: #f4f4f4 !important;}&#8220;]Al Futtaim Investments<br \/>\n<strong><a href=\"https:\/\/tjca.swiss\/de\/portfolio\/amarrage\/\">Amarr@ge<\/a><\/strong><br \/>\nBalfour Beatty<br \/>\n<strong><a href=\"https:\/\/tjca.swiss\/de\/portfolio\/banque-benedict-hentsch\/\">Bank B\u00e9n\u00e9dict Hentsch &amp; Cie<\/a><\/strong><br \/>\nBank Edouard Constant<br \/>\n<strong><a href=\"https:\/\/tjca.swiss\/de\/portfolio\/beaulieu-age-management\/\">Beaulieu Age Management Center<\/a><\/strong><br \/>\nBeckman Industries<br \/>\nBiogen<br \/>\nBor\u00e9al Coffee Shop Mont-Blanc<br \/>\nBor\u00e9al Coffee Shop Plainpalais<br \/>\n<strong><a href=\"https:\/\/tjca.swiss\/de\/portfolio\/bmp-audemars-piguet\/\">Boutique Montres Prestiges &#8211; Audemars Piguet<\/a><\/strong><br \/>\nBoutique Montres Prestiges &#8211; Richard Mille<br \/>\nBTG Pactual<br \/>\nDie Praxis von Dre Jungo Nan\u00e7oz<br \/>\nDie Praxis von Dr de Gorski<br \/>\n<strong><a href=\"https:\/\/tjca.swiss\/de\/portfolio\/cabinet-dr-peter\/\">Die Praxis von Dr Peter<\/a><\/strong><br \/>\nDie Praxis von Dr Samaras Dimitrios<br \/>\nDie Praxis von Dr Samaras Nikolaos<br \/>\nDie Praxis von Dr Soravia<br \/>\nDie Praxis von Dr Tuchschmid<br \/>\nDie Praxis von Dr Vollenweider<br \/>\nCaterpillar<br \/>\n<strong><a href=\"https:\/\/tjca.swiss\/de\/portfolio\/cgb\/\">Clinique G\u00e9n\u00e9rale Beaulieu<\/a><\/strong><br \/>\nCommercial Union<br \/>\nCompaq<br \/>\nCristobal Colon Development<br \/>\n<strong><a href=\"https:\/\/tjca.swiss\/de\/portfolio\/decathlon\/\">Decathlon<\/a><\/strong><br \/>\nDenner<br \/>\nDigital Equipment Corporation<br \/>\nDon Carlos Hotel<br \/>\n<strong><a href=\"https:\/\/tjca.swiss\/de\/portfolio\/dosenbach\/\">Dosenbach<\/a><\/strong><br \/>\nEbcon<br \/>\n<strong><a href=\"https:\/\/tjca.swiss\/de\/portfolio\/ernst-young\/\">Ernst &amp; Young<\/a><\/strong><br \/>\nEssent Trading International<br \/>\nExxon Office Systems<br \/>\n<strong><a href=\"https:\/\/tjca.swiss\/de\/portfolio\/faberge\/\">Faberg\u00e9<\/a><\/strong><br \/>\nFiat<br \/>\n<strong><a href=\"https:\/\/tjca.swiss\/de\/portfolio\/foot-locker\/\">Foot Locker<\/a><\/strong><br \/>\nGarda<br \/>\n<strong><a href=\"https:\/\/tjca.swiss\/de\/portfolio\/general-mills\/\">General Mills<\/a><\/strong><br \/>\nGoldman Sachs<br \/>\n<strong><a href=\"https:\/\/tjca.swiss\/de\/portfolio\/grand-hotel-kempinski\/\">Grand Hotel Kempinski<\/a><\/strong>[\/vc_column_text][\/vc_column_inner][vc_column_inner width=&#8220;1\/2&#8243;][vc_column_text css=&#8220;.vc_custom_1628689928810{border-bottom-width: 2px !important;padding-bottom: 20px !important;border-bottom-color: #f4f4f4 !important;}&#8220;]<strong><a href=\"https:\/\/tjca.swiss\/en\/portfolio\/hewlett-packard-enterprise\/\" target=\"_blank\" rel=\"noopener\">Hewlett Packard Enterprise<\/a><\/strong><br \/>\nHIAG<br \/>\n<strong><a href=\"https:\/\/tjca.swiss\/de\/portfolio\/honeywell\/\">Honeywell<\/a><\/strong><br \/>\n<strong><a href=\"https:\/\/tjca.swiss\/de\/portfolio\/hotel-beau-rivage\/\">H\u00f4tel Beau-Rivage Genf<\/a><\/strong><br \/>\n<strong><a href=\"https:\/\/tjca.swiss\/de\/portfolio\/hotel-bristol\/\">H\u00f4tel Bristol<\/a><\/strong><br \/>\n<strong><a href=\"https:\/\/tjca.swiss\/four-seasons-hotel-des-bergues\/\">H\u00f4tel des Bergues &#8211; Four Seasons Hotels<\/a><\/strong><br \/>\nH\u00f4tel Meurice JP Morgan<\/p>\n<p><strong><a href=\"https:\/\/tjca.swiss\/de\/portfolio\/laduree\/\">Ladur\u00e9e<\/a><\/strong><br \/>\nManpower MCI Worldcom<\/p>\n<p><strong><a href=\"https:\/\/tjca.swiss\/de\/portfolio\/medtronic\/\">Medtronic<\/a><\/strong><br \/>\nMEPC Morgan Grenfell<\/p>\n<p><strong><a href=\"https:\/\/tjca.swiss\/de\/portfolio\/non-stop-gym\/\">NonStop Gym<\/a><\/strong><br \/>\nOchsner Shoes<br \/>\n<strong><a href=\"https:\/\/tjca.swiss\/de\/portfolio\/orange\/\">Orange Communications<\/a><\/strong><br \/>\n<strong><a href=\"https:\/\/tjca.swiss\/de\/portfolio\/pwc\/\">PricewaterhouseCoopers<\/a><\/strong><br \/>\nPrivat Bank Schweiz<br \/>\nPueblo Samisol<br \/>\nReamhurst Properties<br \/>\nRenault<br \/>\nRohm &amp; Haas<br \/>\nRoyal Garden Hotel<br \/>\nRue du Rh\u00f4ne 63<br \/>\n<strong><a href=\"https:\/\/tjca.swiss\/de\/portfolio\/sahara\/\">Sahara<\/a><\/strong><br \/>\nSea Containers<br \/>\n<strong><a href=\"https:\/\/tjca.swiss\/de\/portfolio\/sept-finance\/\">Sept Finance<\/a><\/strong><br \/>\n<strong><a href=\"https:\/\/tjca.swiss\/de\/portfolio\/snipes\/\">Snipes<\/a><\/strong><br \/>\nSoci\u00e9t\u00e9 Bancaire Priv\u00e9e<br \/>\n<strong><a href=\"https:\/\/tjca.swiss\/de\/portfolio\/sgs\/\">Soci\u00e9t\u00e9 G\u00e9n\u00e9rale de Surveillance<\/a><\/strong><br \/>\n<strong><a href=\"https:\/\/tjca.swiss\/de\/portfolio\/sgpb-bureaux\/\">Soci\u00e9t\u00e9 G\u00e9n\u00e9rale Private Banking<\/a><\/strong><br \/>\nSodipriv\u00e9s<br \/>\nSultanate of Oman<br \/>\n<strong><a href=\"https:\/\/tjca.swiss\/de\/portfolio\/thomson-reuters\/\">Thomson Reuters<\/a><\/strong><br \/>\n<strong><a href=\"https:\/\/tjca.swiss\/de\/portfolio\/trafigura\/\">Amenagement<\/a><\/strong><br \/>\nUBS<br \/>\nUrbanizadora Calvia<br \/>\nViatel<br \/>\nVolvo<br \/>\nXanadu Investments<br \/>\nYara[\/vc_column_text][\/vc_column_inner][\/vc_row_inner][vc_separator border_width=&#8220;2&#8243;][\/vc_column][\/vc_row][vc_row thb_divider_position=&#8220;bottom&#8220; el_class=&#8220;align-center&#8220;][vc_column offset=&#8220;vc_col-lg-10 vc_hidden-lg vc_col-md-12&#8243;][vc_row_inner][vc_column_inner width=&#8220;1\/2&#8243;][vc_column_text css=&#8220;.vc_custom_1628689978229{border-bottom-width: 2px !important;padding-bottom: 30px !important;border-bottom-color: #f4f4f4 !important;border-bottom-style: solid !important;}&#8220;]Al Futtaim Investments<br \/>\n<strong><a href=\"https:\/\/tjca.swiss\/de\/portfolio\/amarrage\/\">Amarr@ge<\/a><\/strong><br \/>\nBalfour Beatty<br \/>\n<strong><a href=\"https:\/\/tjca.swiss\/de\/portfolio\/banque-benedict-hentsch\/\">Bank B\u00e9n\u00e9dict Hentsch &amp; Cie<\/a><\/strong><br \/>\nBank Edouard Constant<br \/>\n<strong><a href=\"https:\/\/tjca.swiss\/de\/portfolio\/beaulieu-age-management\/\">Beaulieu Age Management Center<\/a><\/strong><br \/>\nBeckman Industries<br \/>\nBiogen<br \/>\nBor\u00e9al Coffee Shop Mont-Blanc<br \/>\nBor\u00e9al Coffee Shop Plainpalais<br \/>\n<strong><a href=\"https:\/\/tjca.swiss\/de\/portfolio\/bmp-audemars-piguet\/\">Boutique Montres Prestiges &#8211; Audemars Piguet<\/a><\/strong><br \/>\nBoutique Montres Prestiges &#8211; Richard Mille<br \/>\nBTG Pactual<br \/>\nDie Praxis von Dre Jungo Nan\u00e7oz<br \/>\nDie Praxis von Dr de Gorski<br \/>\n<strong><a href=\"https:\/\/tjca.swiss\/de\/portfolio\/cabinet-dr-peter\/\">Die Praxis von Dr Peter<\/a><\/strong><br \/>\nDie Praxis von Dr Samaras Dimitrios<br \/>\nDie Praxis von Dr Samaras Nikolaos<br \/>\nDie Praxis von Dr Soravia<br \/>\nDie Praxis von Dr Tuchschmid<br \/>\nDie Praxis von Dr Vollenweider<br \/>\nCaterpillar<br \/>\n<strong><a href=\"https:\/\/tjca.swiss\/de\/portfolio\/cgb\/\">Clinique G\u00e9n\u00e9rale Beaulieu<\/a><\/strong><br \/>\nCommercial Union<br \/>\nCompaq<br \/>\nCristobal Colon Development<br \/>\n<strong><a href=\"https:\/\/tjca.swiss\/de\/portfolio\/decathlon\/\">Decathlon<\/a><\/strong><br \/>\nDenner<br \/>\nDigital Equipment Corporation<br \/>\nDon Carlos Hotel<br \/>\n<strong><a href=\"https:\/\/tjca.swiss\/de\/portfolio\/dosenbach\/\">Dosenbach<\/a><\/strong><br \/>\nEbcon<br \/>\n<strong><a href=\"https:\/\/tjca.swiss\/de\/portfolio\/ernst-young\/\">Ernst &amp; Young<\/a><\/strong><br \/>\nEssent Trading International<br \/>\nExxon Office Systems<br \/>\n<strong><a href=\"https:\/\/tjca.swiss\/de\/portfolio\/faberge\/\">Faberg\u00e9<\/a><\/strong><br \/>\nFiat<br \/>\n<strong><a href=\"https:\/\/tjca.swiss\/de\/portfolio\/foot-locker\/\">Foot Locker<\/a><\/strong><br \/>\nGarda<br \/>\n<strong><a href=\"https:\/\/tjca.swiss\/de\/portfolio\/general-mills\/\">General Mills<\/a><\/strong><br \/>\nGoldman Sachs<br \/>\n<strong><a href=\"https:\/\/tjca.swiss\/de\/portfolio\/grand-hotel-kempinski\/\">Grand Hotel Kempinski<\/a><br \/>\n<\/strong><strong><a href=\"https:\/\/tjca.swiss\/en\/portfolio\/hewlett-packard-enterprise\/\" target=\"_blank\" rel=\"noopener\">Hewlett Packard Enterprise<\/a><\/strong><br \/>\nHIAG<br \/>\n<strong><a href=\"https:\/\/tjca.swiss\/de\/portfolio\/honeywell\/\">Honeywell<\/a><\/strong><br \/>\n<strong><a href=\"https:\/\/tjca.swiss\/de\/portfolio\/hotel-beau-rivage\/\">H\u00f4tel Beau-Rivage Genf<\/a><\/strong><br \/>\n<strong><a href=\"https:\/\/tjca.swiss\/de\/portfolio\/hotel-bristol\/\">H\u00f4tel Bristol<\/a><\/strong><br \/>\n<strong><a href=\"https:\/\/tjca.swiss\/four-seasons-hotel-des-bergues\/\">H\u00f4tel des Bergues &#8211; Four Seasons Hotels<\/a><\/strong><br \/>\nH\u00f4tel Meurice JP Morgan<\/p>\n<p><strong><a href=\"https:\/\/tjca.swiss\/de\/portfolio\/laduree\/\">Ladur\u00e9e<\/a><\/strong><br \/>\nManpower MCI Worldcom<\/p>\n<p><strong><a href=\"https:\/\/tjca.swiss\/de\/portfolio\/medtronic\/\">Medtronic<\/a><\/strong><br \/>\nMEPC Morgan Grenfell<\/p>\n<p><strong><a href=\"https:\/\/tjca.swiss\/de\/portfolio\/non-stop-gym\/\">NonStop Gym<\/a><\/strong><br \/>\nOchsner Shoes<br \/>\n<strong><a href=\"https:\/\/tjca.swiss\/de\/portfolio\/orange\/\">Orange Communications<\/a><\/strong><br \/>\n<strong><a href=\"https:\/\/tjca.swiss\/de\/portfolio\/pwc\/\">PricewaterhouseCoopers<\/a><\/strong><br \/>\nPrivat Bank Schweiz<br \/>\nPueblo Samisol<br \/>\nReamhurst Properties<br \/>\nRenault<br \/>\nRohm &amp; Haas<br \/>\nRoyal Garden Hotel<br \/>\nRue du Rh\u00f4ne 63<br \/>\n<strong><a href=\"https:\/\/tjca.swiss\/de\/portfolio\/sahara\/\">Sahara<\/a><\/strong><br \/>\nSea Containers<br \/>\n<strong><a href=\"https:\/\/tjca.swiss\/de\/portfolio\/sept-finance\/\">Sept Finance<\/a><\/strong><br \/>\n<strong><a href=\"https:\/\/tjca.swiss\/de\/portfolio\/snipes\/\">Snipes<\/a><\/strong><br \/>\nSoci\u00e9t\u00e9 Bancaire Priv\u00e9e<br \/>\n<strong><a href=\"https:\/\/tjca.swiss\/de\/portfolio\/sgs\/\">Soci\u00e9t\u00e9 G\u00e9n\u00e9rale de Surveillance<\/a><\/strong><br \/>\n<strong><a href=\"https:\/\/tjca.swiss\/de\/portfolio\/sgpb-bureaux\/\">Soci\u00e9t\u00e9 G\u00e9n\u00e9rale Private Banking<\/a><\/strong><br \/>\nSodipriv\u00e9s<br \/>\nSultanate of Oman<br \/>\n<strong><a href=\"https:\/\/tjca.swiss\/de\/portfolio\/thomson-reuters\/\">Thomson Reuters<\/a><\/strong><br \/>\n<strong><a href=\"https:\/\/tjca.swiss\/de\/portfolio\/trafigura\/\">Amenagement<\/a><\/strong><br \/>\nUBS<br \/>\nUrbanizadora Calvia<br \/>\nViatel<br \/>\nVolvo<br \/>\nXanadu Investments<br \/>\nYara[\/vc_column_text][\/vc_column_inner][vc_column_inner width=&#8220;1\/2&#8243;][\/vc_column_inner][\/vc_row_inner][\/vc_column][\/vc_row]\n","protected":false},"excerpt":{"rendered":"<p>[vc_row thb_divider_position=&#8220;bottom&#8220; el_class=&#8220;align-center&#8220; css=&#8220;.vc_custom_1624439583604{margin-top: 100px !important;padding-top: 10vh !important;}&#8220;][vc_column offset=&#8220;vc_col-lg-10 vc_col-md-12&#8243;][vc_row_inner][vc_column_inner][vc_column_text css=&#8220;.vc_custom_1628690076728{border-bottom-width: 2px !important;padding-bottom: 30px !important;border-bottom-color: #f4f4f4 !important;border-bottom-style: solid !important;}&#8220;] unsere Referenzen [\/vc_column_text][\/vc_column_inner][\/vc_row_inner][\/vc_column][\/vc_row][vc_row thb_divider_position=&#8220;bottom&#8220; el_class=&#8220;align-center&#8220;][vc_column offset=&#8220;vc_col-lg-10 vc_col-md-12 vc_hidden-md vc_hidden-sm vc_hidden-xs&#8220;][vc_row_inner][vc_column_inner width=&#8220;1\/2&#8243;][vc_column_text css=&#8220;.vc_custom_1628689919348{border-bottom-width: 2px !important;padding-bottom: 20px !important;border-bottom-color: #f4f4f4 !important;}&#8220;]Al Futtaim Investments Amarr@ge Balfour Beatty Bank B\u00e9n\u00e9dict Hentsch &amp; Cie Bank Edouard Constant Beaulieu Age Management Center Beckman&hellip;<\/p>\n","protected":false},"author":1,"featured_media":0,"parent":0,"menu_order":0,"comment_status":"closed","ping_status":"closed","template":"","meta":{"footnotes":""},"class_list":["post-30306","page","type-page","status-publish","hentry"],"_links":{"self":[{"href":"https:\/\/tjca.swiss\/de\/wp-json\/wp\/v2\/pages\/30306","targetHints":{"allow":["GET"]}}],"collection":[{"href":"https:\/\/tjca.swiss\/de\/wp-json\/wp\/v2\/pages"}],"about":[{"href":"https:\/\/tjca.swiss\/de\/wp-json\/wp\/v2\/types\/page"}],"author":[{"embeddable":true,"href":"https:\/\/tjca.swiss\/de\/wp-json\/wp\/v2\/users\/1"}],"replies":[{"embeddable":true,"href":"https:\/\/tjca.swiss\/de\/wp-json\/wp\/v2\/comments?post=30306"}],"version-history":[{"count":2,"href":"https:\/\/tjca.swiss\/de\/wp-json\/wp\/v2\/pages\/30306\/revisions"}],"predecessor-version":[{"id":30308,"href":"https:\/\/tjca.swiss\/de\/wp-json\/wp\/v2\/pages\/30306\/revisions\/30308"}],"wp:attachment":[{"href":"https:\/\/tjca.swiss\/de\/wp-json\/wp\/v2\/media?parent=30306"}],"curies":[{"name":"wp","href":"https:\/\/api.w.org\/{rel}","templated":true}]}}